{"id":6766,"date":"2025-01-17T09:30:07","date_gmt":"2025-01-17T09:30:07","guid":{"rendered":"https:\/\/letsextract.com\/articles\/"},"modified":"2025-10-11T06:15:38","modified_gmt":"2025-10-11T06:15:38","slug":"articles","status":"publish","type":"page","link":"https:\/\/letsextract.com\/de\/articles\/","title":{"rendered":"Artikel, Fallstudien und weitere Informationen"},"content":{"rendered":"\n<div class=\"wp-block-group has-global-padding is-layout-constrained wp-block-group-is-layout-constrained\">\n<div class=\"wp-block-group alignwide is-layout-flow wp-block-group-is-layout-flow\">\n<h3 class=\"wp-block-heading\"><span class=\"ez-toc-section\" id=\"Contact_Extractor\"><\/span>Contact Extractor<span class=\"ez-toc-section-end\"><\/span><\/h3>\n\n\n\n<div class=\"wp-block-group is-layout-flow wp-block-group-is-layout-flow\" style=\"padding-left:var(--wp--preset--spacing--10)\">\n<p>\ud83d\udca1 <a href=\"https:\/\/letsextract.com\/de\/extract-emails-by-keywords\/\">Wie man Kontakte in Suchmaschinen anhand von Schl\u00fcsselw\u00f6rtern findet<\/a><\/p>\n\n\n\n<p>\ud83d\udca1 <a href=\"https:\/\/letsextract.com\/de\/extract-emails-from-websites\/\">Wie man Kontakte von einer Website extrahiert<\/a><\/p>\n\n\n\n<p>\ud83d\udca1 <a href=\"https:\/\/letsextract.com\/de\/extract-emails-from-files\/\">Wie man E-Mail-Adressen und Telefonnummern aus Excel-, PDF-, Word-, CSV- und TXT-Dateien extrahiert<\/a><\/p>\n\n\n\n<p>\ud83d\udca1 <a href=\"https:\/\/letsextract.com\/de\/extract-emails-from-mailboxes\/\">Wie man E-Mail-Adressen von Personen aus E-Mail-Nachrichten extrahiert (aus Outlook, Gmail etc.)<\/a><\/p>\n\n\n\n<p>\ud83d\udca1 <a href=\"https:\/\/letsextract.com\/de\/google-maps-email-extractor\/\">Wie man Gesch\u00e4ftskontakte aus Google Maps erh\u00e4lt<\/a><\/p>\n\n\n\n<p>\ud83d\udca1 <a href=\"https:\/\/letsextract.com\/de\/extract-emails-from-yelp\/\">Wie man Kontakte aus dem Yelp-Verzeichnis gewinnt<\/a><\/p>\n\n\n\n<p>\ud83d\udca1\u00a0<a href=\"https:\/\/letsextract.com\/de\/extract-emails-from-facebook\/\">How to find contacts of FB users<\/a><\/p>\n\n\n\n<p>\ud83d\udca1 <a href=\"https:\/\/letsextract.com\/de\/extract-emails-from-twitter\/\">Wie man Kontakte von Twitter-Nutzern findet<\/a><\/p>\n\n\n\n<p>\ud83d\udca1 <a href=\"https:\/\/letsextract.com\/de\/whois-extractor\/\">Wie man Kontakte von Domain-Besitzern findet<\/a><\/p>\n\n\n\n<p>\ud83d\udca1 <a href=\"https:\/\/letsextract.com\/de\/phone-extractor\/\">Software zur Telefonnummernsuche<\/a><\/p>\n\n\n\n<p>\ud83d\udca1 <a href=\"https:\/\/letsextract.com\/de\/im-extractor\/\">Software zur Kontaktsuche f\u00fcr WhatsApp, Viber und Telegram<\/a><\/p>\n\n\n\n<p>\ud83d\udca1 <a href=\"https:\/\/letsextract.com\/de\/skype-extractor\/\">Programm zum Auffinden von Skype-IDs<\/a><\/p>\n\n\n\n<p>\ud83d\udca1 <a href=\"https:\/\/letsextract.com\/de\/email-extractor-comparsion\/\">Vergleich der f\u00fchrenden E-Mail-Scraper<\/a><\/p>\n\n\n\n<p>\ud83d\udca1 <a href=\"https:\/\/letsextract.com\/de\/email-extractor-bulk\/\">Wie man Kontakte von mehreren Websites extrahiert<\/a><\/p>\n<\/div>\n\n\n\n<h3 class=\"wp-block-heading\"><span class=\"ez-toc-section\" id=\"Email_Sender\"><\/span>Email Sender<span class=\"ez-toc-section-end\"><\/span><\/h3>\n\n\n\n<div class=\"wp-block-group is-layout-flow wp-block-group-is-layout-flow\" style=\"padding-left:var(--wp--preset--spacing--10)\">\n<p>\ud83d\udca1 <a href=\"https:\/\/letsextract.com\/de\/what-should-i-do-if-my-e-mails-go-to-the-spam-folder\/\">Was sollte ich tun, wenn meine E-Mails im SPAM-Ordner landen?<\/a><\/p>\n<\/div>\n\n\n\n<h3 class=\"wp-block-heading\"><span class=\"ez-toc-section\" id=\"Allgemein\"><\/span>Allgemein<span class=\"ez-toc-section-end\"><\/span><\/h3>\n\n\n\n<div class=\"wp-block-group is-layout-flow wp-block-group-is-layout-flow\" style=\"padding-left:var(--wp--preset--spacing--10)\">\n<p>\ud83d\udca1 <a href=\"https:\/\/letsextract.com\/de\/how-to-reset-the-letsextract-key-move-license-to-another-computer\/\">Wie man den LetsExtract-Schl\u00fcssel zur\u00fccksetzt und die Lizenz auf einen anderen Computer \u00fcbertr\u00e4gt<\/a><\/p>\n\n\n\n<p>\ud83d\udca1 <a href=\"https:\/\/letsextract.com\/de\/upgrading-from-version-6-to-version-7\/\">Wie man von Version 6 auf Version 7 aktualisiert<\/a><\/p>\n\n\n\n<p>\ud83d\udca1 <a href=\"https:\/\/letsextract.com\/de\/my-antivirus-blocks-letsextract-and-says-that-program-is-unsafe\/\">Mein Antivirenprogramm blockiert LetsExtract und behauptet, das Programm sei unsicher<\/a><\/p>\n<\/div>\n<\/div>\n<\/div>\n\n<div style=\"height:100px\" aria-hidden=\"true\" class=\"wp-block-spacer\"><\/div>\n\n<p><\/p>\n","protected":false},"excerpt":{"rendered":"<p>Contact Extractor \ud83d\udca1 Wie man Kontakte in Suchmaschinen anhand von Schl\u00fcsselw\u00f6rtern findet \ud83d\udca1 Wie man Kontakte von einer Website extrahiert \ud83d\udca1 Wie man E-Mail-Adressen und Telefonnummern aus Excel-, PDF-, Word-, CSV- und TXT-Dateien extrahiert \ud83d\udca1 Wie man E-Mail-Adressen von Personen aus E-Mail-Nachrichten extrahiert (aus Outlook, Gmail etc.) \ud83d\udca1 Wie man Gesch\u00e4ftskontakte aus Google Maps erh\u00e4lt [&hellip;]<\/p>\n","protected":false},"author":1,"featured_media":0,"parent":0,"menu_order":0,"comment_status":"closed","ping_status":"closed","template":"","meta":{"cybocfi_hide_featured_image":"","footnotes":""},"class_list":["post-6766","page","type-page","status-publish","hentry"],"blocksy_meta":[],"yoast_head":"<!-- This site is optimized with the Yoast SEO plugin v26.0 - https:\/\/yoast.com\/wordpress\/plugins\/seo\/ -->\n<title>Artikel, Fallstudien und weitere Informationen - LetsExtract Email Studio<\/title>\n<meta name=\"description\" content=\"Entdecken Sie eine F\u00fclle von Informationen \u00fcber LetsExtract-Softwareprodukte durch aufschlussreiche Artikel und Fallstudien. Erlernen Sie die effektive Nutzung unserer E-Mail-Extraktions-, Verifizierungs- und Versandwerkzeuge mit schrittweisen Anleitungen zur Extraktion von Kontakten aus verschiedenen Plattformen, einschlie\u00dflich Suchmaschinen, sozialen Medien und mehr. Verbessern Sie Ihre E-Mail-Marketing-Strategien mit praktischen Erkenntnissen und Tipps, die speziell auf die Maximierung der Effektivit\u00e4t Ihrer Kampagnen zugeschnitten sind.\" \/>\n<meta name=\"robots\" content=\"index, follow, max-snippet:-1, max-image-preview:large, max-video-preview:-1\" \/>\n<link rel=\"canonical\" href=\"https:\/\/letsextract.com\/de\/articles\/\" \/>\n<meta property=\"og:locale\" content=\"de_DE\" \/>\n<meta property=\"og:type\" content=\"article\" \/>\n<meta property=\"og:title\" content=\"Artikel, Fallstudien und weitere Informationen - LetsExtract Email Studio\" \/>\n<meta property=\"og:description\" content=\"Entdecken Sie eine F\u00fclle von Informationen \u00fcber LetsExtract-Softwareprodukte durch aufschlussreiche Artikel und Fallstudien. Erlernen Sie die effektive Nutzung unserer E-Mail-Extraktions-, Verifizierungs- und Versandwerkzeuge mit schrittweisen Anleitungen zur Extraktion von Kontakten aus verschiedenen Plattformen, einschlie\u00dflich Suchmaschinen, sozialen Medien und mehr. Verbessern Sie Ihre E-Mail-Marketing-Strategien mit praktischen Erkenntnissen und Tipps, die speziell auf die Maximierung der Effektivit\u00e4t Ihrer Kampagnen zugeschnitten sind.\" \/>\n<meta property=\"og:url\" content=\"https:\/\/letsextract.com\/de\/articles\/\" \/>\n<meta property=\"og:site_name\" content=\"LetsExtract Email Studio\" \/>\n<meta property=\"article:publisher\" content=\"https:\/\/www.facebook.com\/LetsExtract\/\" \/>\n<meta property=\"article:modified_time\" content=\"2025-10-11T06:15:38+00:00\" \/>\n<meta name=\"twitter:card\" content=\"summary_large_image\" \/>\n<meta name=\"twitter:site\" content=\"@letsextract\" \/>\n<meta name=\"twitter:label1\" content=\"Gesch\u00e4tzte Lesezeit\" \/>\n\t<meta name=\"twitter:data1\" content=\"1\u00a0Minute\" \/>\n<!-- \/ Yoast SEO plugin. -->","yoast_head_json":{"title":"Artikel, Fallstudien und weitere Informationen - LetsExtract Email Studio","description":"Entdecken Sie eine F\u00fclle von Informationen \u00fcber LetsExtract-Softwareprodukte durch aufschlussreiche Artikel und Fallstudien. Erlernen Sie die effektive Nutzung unserer E-Mail-Extraktions-, Verifizierungs- und Versandwerkzeuge mit schrittweisen Anleitungen zur Extraktion von Kontakten aus verschiedenen Plattformen, einschlie\u00dflich Suchmaschinen, sozialen Medien und mehr. Verbessern Sie Ihre E-Mail-Marketing-Strategien mit praktischen Erkenntnissen und Tipps, die speziell auf die Maximierung der Effektivit\u00e4t Ihrer Kampagnen zugeschnitten sind.","robots":{"index":"index","follow":"follow","max-snippet":"max-snippet:-1","max-image-preview":"max-image-preview:large","max-video-preview":"max-video-preview:-1"},"canonical":"https:\/\/letsextract.com\/de\/articles\/","og_locale":"de_DE","og_type":"article","og_title":"Artikel, Fallstudien und weitere Informationen - LetsExtract Email Studio","og_description":"Entdecken Sie eine F\u00fclle von Informationen \u00fcber LetsExtract-Softwareprodukte durch aufschlussreiche Artikel und Fallstudien. Erlernen Sie die effektive Nutzung unserer E-Mail-Extraktions-, Verifizierungs- und Versandwerkzeuge mit schrittweisen Anleitungen zur Extraktion von Kontakten aus verschiedenen Plattformen, einschlie\u00dflich Suchmaschinen, sozialen Medien und mehr. Verbessern Sie Ihre E-Mail-Marketing-Strategien mit praktischen Erkenntnissen und Tipps, die speziell auf die Maximierung der Effektivit\u00e4t Ihrer Kampagnen zugeschnitten sind.","og_url":"https:\/\/letsextract.com\/de\/articles\/","og_site_name":"LetsExtract Email Studio","article_publisher":"https:\/\/www.facebook.com\/LetsExtract\/","article_modified_time":"2025-10-11T06:15:38+00:00","twitter_card":"summary_large_image","twitter_site":"@letsextract","twitter_misc":{"Gesch\u00e4tzte Lesezeit":"1\u00a0Minute"},"schema":{"@context":"https:\/\/schema.org","@graph":[{"@type":"WebPage","@id":"https:\/\/letsextract.com\/de\/articles\/","url":"https:\/\/letsextract.com\/de\/articles\/","name":"Artikel, Fallstudien und weitere Informationen - LetsExtract Email Studio","isPartOf":{"@id":"https:\/\/letsextract.com\/de\/#website"},"datePublished":"2025-01-17T09:30:07+00:00","dateModified":"2025-10-11T06:15:38+00:00","description":"Entdecken Sie eine F\u00fclle von Informationen \u00fcber LetsExtract-Softwareprodukte durch aufschlussreiche Artikel und Fallstudien. Erlernen Sie die effektive Nutzung unserer E-Mail-Extraktions-, Verifizierungs- und Versandwerkzeuge mit schrittweisen Anleitungen zur Extraktion von Kontakten aus verschiedenen Plattformen, einschlie\u00dflich Suchmaschinen, sozialen Medien und mehr. Verbessern Sie Ihre E-Mail-Marketing-Strategien mit praktischen Erkenntnissen und Tipps, die speziell auf die Maximierung der Effektivit\u00e4t Ihrer Kampagnen zugeschnitten sind.","breadcrumb":{"@id":"https:\/\/letsextract.com\/de\/articles\/#breadcrumb"},"inLanguage":"de","potentialAction":[{"@type":"ReadAction","target":["https:\/\/letsextract.com\/de\/articles\/"]}]},{"@type":"BreadcrumbList","@id":"https:\/\/letsextract.com\/de\/articles\/#breadcrumb","itemListElement":[{"@type":"ListItem","position":1,"name":"Home","item":"https:\/\/letsextract.com\/de\/"},{"@type":"ListItem","position":2,"name":"Artikel, Fallstudien und weitere Informationen"}]},{"@type":"WebSite","@id":"https:\/\/letsextract.com\/de\/#website","url":"https:\/\/letsextract.com\/de\/","name":"LetsExtract Email Studio","description":"#1 email marketing and SMM software","publisher":{"@id":"https:\/\/letsextract.com\/de\/#organization"},"potentialAction":[{"@type":"SearchAction","target":{"@type":"EntryPoint","urlTemplate":"https:\/\/letsextract.com\/de\/?s={search_term_string}"},"query-input":{"@type":"PropertyValueSpecification","valueRequired":true,"valueName":"search_term_string"}}],"inLanguage":"de"},{"@type":"Organization","@id":"https:\/\/letsextract.com\/de\/#organization","name":"LetsExtract Email Studio","url":"https:\/\/letsextract.com\/de\/","logo":{"@type":"ImageObject","inLanguage":"de","@id":"https:\/\/letsextract.com\/de\/#\/schema\/logo\/image\/","url":"https:\/\/letsextract.com\/wp-content\/uploads\/2025\/01\/logo.webp","contentUrl":"https:\/\/letsextract.com\/wp-content\/uploads\/2025\/01\/logo.webp","width":650,"height":200,"caption":"LetsExtract Email Studio"},"image":{"@id":"https:\/\/letsextract.com\/de\/#\/schema\/logo\/image\/"},"sameAs":["https:\/\/www.facebook.com\/LetsExtract\/","https:\/\/x.com\/letsextract"]}]}},"_links":{"self":[{"href":"https:\/\/letsextract.com\/de\/wp-json\/wp\/v2\/pages\/6766","targetHints":{"allow":["GET"]}}],"collection":[{"href":"https:\/\/letsextract.com\/de\/wp-json\/wp\/v2\/pages"}],"about":[{"href":"https:\/\/letsextract.com\/de\/wp-json\/wp\/v2\/types\/page"}],"author":[{"embeddable":true,"href":"https:\/\/letsextract.com\/de\/wp-json\/wp\/v2\/users\/1"}],"replies":[{"embeddable":true,"href":"https:\/\/letsextract.com\/de\/wp-json\/wp\/v2\/comments?post=6766"}],"version-history":[{"count":0,"href":"https:\/\/letsextract.com\/de\/wp-json\/wp\/v2\/pages\/6766\/revisions"}],"wp:attachment":[{"href":"https:\/\/letsextract.com\/de\/wp-json\/wp\/v2\/media?parent=6766"}],"curies":[{"name":"wp","href":"https:\/\/api.w.org\/{rel}","templated":true}]}}