{"id":6792,"date":"2025-01-20T10:44:42","date_gmt":"2025-01-20T10:44:42","guid":{"rendered":"https:\/\/letsextract.com\/how-to-reset-the-letsextract-key-move-license-to-another-computer\/"},"modified":"2025-02-04T07:28:11","modified_gmt":"2025-02-04T07:28:11","slug":"how-to-reset-the-letsextract-key-move-license-to-another-computer","status":"publish","type":"page","link":"https:\/\/letsextract.com\/fr\/how-to-reset-the-letsextract-key-move-license-to-another-computer\/","title":{"rendered":"Comment r\u00e9initialiser la cl\u00e9 LetsExtract, transf\u00e9rer la licence sur un autre ordinateur"},"content":{"rendered":"\n<div class=\"wp-block-group has-global-padding is-layout-constrained wp-block-group-is-layout-constrained\">\n<div class=\"wp-block-group alignwide is-layout-flow wp-block-group-is-layout-flow\">\n<p>Une licence LetsExtract individuelle est destin\u00e9e \u00e0 une utilisation sur un seul ordinateur. Lorsque vous changez d&#8217;ordinateur ou modifiez sa configuration, votre licence cesse de fonctionner et le programme retourne en mode D\u00e9mo ou affiche l&#8217;erreur &#8216;<strong>Votre cl\u00e9 de licence a \u00e9t\u00e9 activ\u00e9e sur un autre ordinateur<\/strong>&#8216;. <\/p>\n\n\n\n<h3 class=\"wp-block-heading\"><span class=\"ez-toc-section\" id=\"Si_vous_utilisez_LetsExtract_version_7\"><\/span>Si vous utilisez LetsExtract version 7 :<span class=\"ez-toc-section-end\"><\/span><\/h3>\n\n\n\n<p>1. Lancez LetsExtract (ou installez le programme sur un nouvel ordinateur).<br\/>2. Acc\u00e9dez \u00e0 la fen\u00eatre &#8216;<strong>Vos Licences<\/strong>&#8216;. <br\/>3. Cliquez sur le lien &#8216;<strong>D\u00e9sactiver la licence<\/strong>&#8216; \u00e0 c\u00f4t\u00e9 de la licence et du nom d&#8217;ordinateur souhait\u00e9s.<br\/>4. Cliquez sur le lien &#8216;<strong>Activer la licence sur cet ordinateur<\/strong>&#8216;.<br\/>5. Red\u00e9marrez LetsExtract.<\/p>\n\n\n\n<h3 class=\"wp-block-heading\"><span class=\"ez-toc-section\" id=\"Si_vous_utilisez_LetsExtract_Email_Studio_version_6_ancienne_version\"><\/span>Si vous utilisez LetsExtract Email Studio version 6 (ancienne version) :<span class=\"ez-toc-section-end\"><\/span><\/h3>\n\n\n\n<p>1. Lancez LetsExtract (ou installez le programme sur un nouvel ordinateur).<br\/>2. Cliquez dans le menu &#8216;<strong>Aide -&gt; Activer avec une cl\u00e9 d&#8217;enregistrement&#8230;<\/strong>&#8216;<br\/>3. Ins\u00e9rez votre cl\u00e9 et essayez de l&#8217;activer.<br\/>4. Dans la fen\u00eatre qui appara\u00eet, cliquez sur le bouton &#8216;<strong>Demander une r\u00e9initialisation de la cl\u00e9<\/strong>&#8216; et attendez jusqu&#8217;\u00e0 1 heure.<br\/>5. Durant cette p\u00e9riode, n&#8217;ex\u00e9cutez pas le programme sur votre ancien ordinateur.<\/p>\n<\/div>\n<\/div>\n","protected":false},"excerpt":{"rendered":"<p>Une licence LetsExtract individuelle est destin\u00e9e \u00e0 une utilisation sur un seul ordinateur. Lorsque vous changez d&#8217;ordinateur ou modifiez sa configuration, votre licence cesse de fonctionner et le programme retourne en mode D\u00e9mo ou affiche l&#8217;erreur &#8216;Votre cl\u00e9 de licence a \u00e9t\u00e9 activ\u00e9e sur un autre ordinateur&#8216;. Si vous utilisez LetsExtract version 7 : 1. [&hellip;]<\/p>\n","protected":false},"author":1,"featured_media":0,"parent":0,"menu_order":0,"comment_status":"closed","ping_status":"closed","template":"","meta":{"cybocfi_hide_featured_image":"","footnotes":""},"class_list":["post-6792","page","type-page","status-publish","hentry"],"blocksy_meta":[],"yoast_head":"<!-- This site is optimized with the Yoast SEO plugin v26.0 - https:\/\/yoast.com\/wordpress\/plugins\/seo\/ -->\n<title>Comment r\u00e9initialiser la cl\u00e9 LetsExtract, transf\u00e9rer la licence sur un autre ordinateur - LetsExtract Email Studio<\/title>\n<meta name=\"robots\" content=\"index, follow, max-snippet:-1, max-image-preview:large, max-video-preview:-1\" \/>\n<link rel=\"canonical\" href=\"https:\/\/letsextract.com\/fr\/how-to-reset-the-letsextract-key-move-license-to-another-computer\/\" \/>\n<meta property=\"og:locale\" content=\"fr_FR\" \/>\n<meta property=\"og:type\" content=\"article\" \/>\n<meta property=\"og:title\" content=\"Comment r\u00e9initialiser la cl\u00e9 LetsExtract, transf\u00e9rer la licence sur un autre ordinateur - LetsExtract Email Studio\" \/>\n<meta property=\"og:description\" content=\"Une licence LetsExtract individuelle est destin\u00e9e \u00e0 une utilisation sur un seul ordinateur. Lorsque vous changez d&#8217;ordinateur ou modifiez sa configuration, votre licence cesse de fonctionner et le programme retourne en mode D\u00e9mo ou affiche l&#8217;erreur &#8216;Votre cl\u00e9 de licence a \u00e9t\u00e9 activ\u00e9e sur un autre ordinateur&#8216;. Si vous utilisez LetsExtract version 7 : 1. [&hellip;]\" \/>\n<meta property=\"og:url\" content=\"https:\/\/letsextract.com\/fr\/how-to-reset-the-letsextract-key-move-license-to-another-computer\/\" \/>\n<meta property=\"og:site_name\" content=\"LetsExtract Email Studio\" \/>\n<meta property=\"article:publisher\" content=\"https:\/\/www.facebook.com\/LetsExtract\/\" \/>\n<meta property=\"article:modified_time\" content=\"2025-02-04T07:28:11+00:00\" \/>\n<meta name=\"twitter:card\" content=\"summary_large_image\" \/>\n<meta name=\"twitter:site\" content=\"@letsextract\" \/>\n<meta name=\"twitter:label1\" content=\"Dur\u00e9e de lecture estim\u00e9e\" \/>\n\t<meta name=\"twitter:data1\" content=\"1 minute\" \/>\n<!-- \/ Yoast SEO plugin. -->","yoast_head_json":{"title":"Comment r\u00e9initialiser la cl\u00e9 LetsExtract, transf\u00e9rer la licence sur un autre ordinateur - LetsExtract Email Studio","robots":{"index":"index","follow":"follow","max-snippet":"max-snippet:-1","max-image-preview":"max-image-preview:large","max-video-preview":"max-video-preview:-1"},"canonical":"https:\/\/letsextract.com\/fr\/how-to-reset-the-letsextract-key-move-license-to-another-computer\/","og_locale":"fr_FR","og_type":"article","og_title":"Comment r\u00e9initialiser la cl\u00e9 LetsExtract, transf\u00e9rer la licence sur un autre ordinateur - LetsExtract Email Studio","og_description":"Une licence LetsExtract individuelle est destin\u00e9e \u00e0 une utilisation sur un seul ordinateur. Lorsque vous changez d&#8217;ordinateur ou modifiez sa configuration, votre licence cesse de fonctionner et le programme retourne en mode D\u00e9mo ou affiche l&#8217;erreur &#8216;Votre cl\u00e9 de licence a \u00e9t\u00e9 activ\u00e9e sur un autre ordinateur&#8216;. Si vous utilisez LetsExtract version 7 : 1. [&hellip;]","og_url":"https:\/\/letsextract.com\/fr\/how-to-reset-the-letsextract-key-move-license-to-another-computer\/","og_site_name":"LetsExtract Email Studio","article_publisher":"https:\/\/www.facebook.com\/LetsExtract\/","article_modified_time":"2025-02-04T07:28:11+00:00","twitter_card":"summary_large_image","twitter_site":"@letsextract","twitter_misc":{"Dur\u00e9e de lecture estim\u00e9e":"1 minute"},"schema":{"@context":"https:\/\/schema.org","@graph":[{"@type":"WebPage","@id":"https:\/\/letsextract.com\/fr\/how-to-reset-the-letsextract-key-move-license-to-another-computer\/","url":"https:\/\/letsextract.com\/fr\/how-to-reset-the-letsextract-key-move-license-to-another-computer\/","name":"Comment r\u00e9initialiser la cl\u00e9 LetsExtract, transf\u00e9rer la licence sur un autre ordinateur - LetsExtract Email Studio","isPartOf":{"@id":"https:\/\/letsextract.com\/fr\/#website"},"datePublished":"2025-01-20T10:44:42+00:00","dateModified":"2025-02-04T07:28:11+00:00","breadcrumb":{"@id":"https:\/\/letsextract.com\/fr\/how-to-reset-the-letsextract-key-move-license-to-another-computer\/#breadcrumb"},"inLanguage":"fr-FR","potentialAction":[{"@type":"ReadAction","target":["https:\/\/letsextract.com\/fr\/how-to-reset-the-letsextract-key-move-license-to-another-computer\/"]}]},{"@type":"BreadcrumbList","@id":"https:\/\/letsextract.com\/fr\/how-to-reset-the-letsextract-key-move-license-to-another-computer\/#breadcrumb","itemListElement":[{"@type":"ListItem","position":1,"name":"Home","item":"https:\/\/letsextract.com\/fr\/"},{"@type":"ListItem","position":2,"name":"Comment r\u00e9initialiser la cl\u00e9 LetsExtract, transf\u00e9rer la licence sur un autre ordinateur"}]},{"@type":"WebSite","@id":"https:\/\/letsextract.com\/fr\/#website","url":"https:\/\/letsextract.com\/fr\/","name":"LetsExtract Email Studio","description":"#1 email marketing and SMM software","publisher":{"@id":"https:\/\/letsextract.com\/fr\/#organization"},"potentialAction":[{"@type":"SearchAction","target":{"@type":"EntryPoint","urlTemplate":"https:\/\/letsextract.com\/fr\/?s={search_term_string}"},"query-input":{"@type":"PropertyValueSpecification","valueRequired":true,"valueName":"search_term_string"}}],"inLanguage":"fr-FR"},{"@type":"Organization","@id":"https:\/\/letsextract.com\/fr\/#organization","name":"LetsExtract Email Studio","url":"https:\/\/letsextract.com\/fr\/","logo":{"@type":"ImageObject","inLanguage":"fr-FR","@id":"https:\/\/letsextract.com\/fr\/#\/schema\/logo\/image\/","url":"https:\/\/letsextract.com\/wp-content\/uploads\/2025\/01\/logo.webp","contentUrl":"https:\/\/letsextract.com\/wp-content\/uploads\/2025\/01\/logo.webp","width":650,"height":200,"caption":"LetsExtract Email Studio"},"image":{"@id":"https:\/\/letsextract.com\/fr\/#\/schema\/logo\/image\/"},"sameAs":["https:\/\/www.facebook.com\/LetsExtract\/","https:\/\/x.com\/letsextract"]}]}},"_links":{"self":[{"href":"https:\/\/letsextract.com\/fr\/wp-json\/wp\/v2\/pages\/6792","targetHints":{"allow":["GET"]}}],"collection":[{"href":"https:\/\/letsextract.com\/fr\/wp-json\/wp\/v2\/pages"}],"about":[{"href":"https:\/\/letsextract.com\/fr\/wp-json\/wp\/v2\/types\/page"}],"author":[{"embeddable":true,"href":"https:\/\/letsextract.com\/fr\/wp-json\/wp\/v2\/users\/1"}],"replies":[{"embeddable":true,"href":"https:\/\/letsextract.com\/fr\/wp-json\/wp\/v2\/comments?post=6792"}],"version-history":[{"count":0,"href":"https:\/\/letsextract.com\/fr\/wp-json\/wp\/v2\/pages\/6792\/revisions"}],"wp:attachment":[{"href":"https:\/\/letsextract.com\/fr\/wp-json\/wp\/v2\/media?parent=6792"}],"curies":[{"name":"wp","href":"https:\/\/api.w.org\/{rel}","templated":true}]}}