{"id":5166,"date":"2025-01-20T10:44:42","date_gmt":"2025-01-20T10:44:42","guid":{"rendered":"https:\/\/letsextract.com\/how-to-reset-the-letsextract-key-move-license-to-another-computer\/"},"modified":"2025-02-03T12:31:18","modified_gmt":"2025-02-03T12:31:18","slug":"how-to-reset-the-letsextract-key-move-license-to-another-computer","status":"publish","type":"page","link":"https:\/\/letsextract.com\/pl\/how-to-reset-the-letsextract-key-move-license-to-another-computer\/","title":{"rendered":"Jak zresetowa\u0107 klucz LetsExtract, przenie\u015b\u0107 licencj\u0119 na inny komputer"},"content":{"rendered":"\n<div class=\"wp-block-group has-global-padding is-layout-constrained wp-block-group-is-layout-constrained\">\n<div class=\"wp-block-group alignwide is-layout-flow wp-block-group-is-layout-flow\">\n<p>Pojedyncza licencja LetsExtract jest przeznaczona do u\u017cytku na 1 komputerze. Po zmianie komputera lub jego konfiguracji licencja przestaje dzia\u0142a\u0107, a program powraca do trybu demonstracyjnego lub wy\u015bwietla b\u0142\u0105d<strong>&#8220;Tw\u00f3j klucz licencyjny zosta\u0142 aktywowany na innym komputerze<\/strong>&#8220;. <\/p>\n\n\n\n<h3 class=\"wp-block-heading\"><span class=\"ez-toc-section\" id=\"Jesli_korzystasz_z_LetsExtract_w_wersji_7\"><\/span>Je\u015bli korzystasz z LetsExtract w wersji 7:<span class=\"ez-toc-section-end\"><\/span><\/h3>\n\n\n\n<p>1. Uruchom LetsExtract (lub zainstaluj program na nowym komputerze).<br\/>2. Przejd\u017a do okna<strong>&#8220;Twoje licencje<\/strong>&#8220;. <br\/>3. Kliknij link<strong>&#8220;Dezaktywuj licencj\u0119<\/strong>&#8221; przy wybranej licencji i nazwie komputera.<br\/>4. Kliknij link<strong>&#8220;Aktywuj licencj\u0119 na tym komputerze<\/strong>&#8220;.<br\/>5. Uruchom ponownie LetsExtract.<\/p>\n\n\n\n<h3 class=\"wp-block-heading\"><span class=\"ez-toc-section\" id=\"Jesli_uzywasz_LetsExtract_Email_Studio_w_wersji_6_starej\"><\/span>Je\u015bli u\u017cywasz LetsExtract Email Studio w wersji 6 (starej):<span class=\"ez-toc-section-end\"><\/span><\/h3>\n\n\n\n<p>1. Uruchom LetsExtract (lub zainstaluj program na nowym komputerze).<br\/>2. Kliknij w menu<strong>&#8220;Help -&gt; Activate with registration key&#8230;<\/strong>&#8220;<br\/>3. W\u0142\u00f3\u017c sw\u00f3j klucz i spr\u00f3buj aktywowa\u0107.<br\/>4. W wy\u015bwietlonym oknie kliknij przycisk<strong>&#8220;Request a key reset<\/strong>&#8221; i poczekaj do 1 godziny.<br\/>5. W tym czasie nie uruchamiaj programu na starym komputerze.<\/p>\n<\/div>\n<\/div>\n","protected":false},"excerpt":{"rendered":"<p>Pojedyncza licencja LetsExtract jest przeznaczona do u\u017cytku na 1 komputerze. Po zmianie komputera lub jego konfiguracji licencja przestaje dzia\u0142a\u0107, a program powraca do trybu demonstracyjnego lub wy\u015bwietla b\u0142\u0105d&#8220;Tw\u00f3j klucz licencyjny zosta\u0142 aktywowany na innym komputerze&#8220;. Je\u015bli korzystasz z LetsExtract w wersji 7: 1. Uruchom LetsExtract (lub zainstaluj program na nowym komputerze).2. Przejd\u017a do okna&#8220;Twoje licencje&#8220;. [&hellip;]<\/p>\n","protected":false},"author":1,"featured_media":0,"parent":0,"menu_order":0,"comment_status":"closed","ping_status":"closed","template":"","meta":{"cybocfi_hide_featured_image":"","footnotes":""},"class_list":["post-5166","page","type-page","status-publish","hentry"],"blocksy_meta":[],"yoast_head":"<!-- This site is optimized with the Yoast SEO plugin v26.0 - https:\/\/yoast.com\/wordpress\/plugins\/seo\/ -->\n<title>Jak zresetowa\u0107 klucz LetsExtract, przenie\u015b\u0107 licencj\u0119 na inny komputer - LetsExtract Email Studio<\/title>\n<meta name=\"robots\" content=\"index, follow, max-snippet:-1, max-image-preview:large, max-video-preview:-1\" \/>\n<link rel=\"canonical\" href=\"https:\/\/letsextract.com\/pl\/how-to-reset-the-letsextract-key-move-license-to-another-computer\/\" \/>\n<meta property=\"og:locale\" content=\"pl_PL\" \/>\n<meta property=\"og:type\" content=\"article\" \/>\n<meta property=\"og:title\" content=\"Jak zresetowa\u0107 klucz LetsExtract, przenie\u015b\u0107 licencj\u0119 na inny komputer - LetsExtract Email Studio\" \/>\n<meta property=\"og:description\" content=\"Pojedyncza licencja LetsExtract jest przeznaczona do u\u017cytku na 1 komputerze. Po zmianie komputera lub jego konfiguracji licencja przestaje dzia\u0142a\u0107, a program powraca do trybu demonstracyjnego lub wy\u015bwietla b\u0142\u0105d&#8220;Tw\u00f3j klucz licencyjny zosta\u0142 aktywowany na innym komputerze&#8220;. Je\u015bli korzystasz z LetsExtract w wersji 7: 1. Uruchom LetsExtract (lub zainstaluj program na nowym komputerze).2. Przejd\u017a do okna&#8220;Twoje licencje&#8220;. [&hellip;]\" \/>\n<meta property=\"og:url\" content=\"https:\/\/letsextract.com\/pl\/how-to-reset-the-letsextract-key-move-license-to-another-computer\/\" \/>\n<meta property=\"og:site_name\" content=\"LetsExtract Email Studio\" \/>\n<meta property=\"article:publisher\" content=\"https:\/\/www.facebook.com\/LetsExtract\/\" \/>\n<meta property=\"article:modified_time\" content=\"2025-02-03T12:31:18+00:00\" \/>\n<meta name=\"twitter:card\" content=\"summary_large_image\" \/>\n<meta name=\"twitter:site\" content=\"@letsextract\" \/>\n<meta name=\"twitter:label1\" content=\"Szacowany czas czytania\" \/>\n\t<meta name=\"twitter:data1\" content=\"1 minuta\" \/>\n<!-- \/ Yoast SEO plugin. -->","yoast_head_json":{"title":"Jak zresetowa\u0107 klucz LetsExtract, przenie\u015b\u0107 licencj\u0119 na inny komputer - LetsExtract Email Studio","robots":{"index":"index","follow":"follow","max-snippet":"max-snippet:-1","max-image-preview":"max-image-preview:large","max-video-preview":"max-video-preview:-1"},"canonical":"https:\/\/letsextract.com\/pl\/how-to-reset-the-letsextract-key-move-license-to-another-computer\/","og_locale":"pl_PL","og_type":"article","og_title":"Jak zresetowa\u0107 klucz LetsExtract, przenie\u015b\u0107 licencj\u0119 na inny komputer - LetsExtract Email Studio","og_description":"Pojedyncza licencja LetsExtract jest przeznaczona do u\u017cytku na 1 komputerze. Po zmianie komputera lub jego konfiguracji licencja przestaje dzia\u0142a\u0107, a program powraca do trybu demonstracyjnego lub wy\u015bwietla b\u0142\u0105d&#8220;Tw\u00f3j klucz licencyjny zosta\u0142 aktywowany na innym komputerze&#8220;. Je\u015bli korzystasz z LetsExtract w wersji 7: 1. Uruchom LetsExtract (lub zainstaluj program na nowym komputerze).2. Przejd\u017a do okna&#8220;Twoje licencje&#8220;. [&hellip;]","og_url":"https:\/\/letsextract.com\/pl\/how-to-reset-the-letsextract-key-move-license-to-another-computer\/","og_site_name":"LetsExtract Email Studio","article_publisher":"https:\/\/www.facebook.com\/LetsExtract\/","article_modified_time":"2025-02-03T12:31:18+00:00","twitter_card":"summary_large_image","twitter_site":"@letsextract","twitter_misc":{"Szacowany czas czytania":"1 minuta"},"schema":{"@context":"https:\/\/schema.org","@graph":[{"@type":"WebPage","@id":"https:\/\/letsextract.com\/pl\/how-to-reset-the-letsextract-key-move-license-to-another-computer\/","url":"https:\/\/letsextract.com\/pl\/how-to-reset-the-letsextract-key-move-license-to-another-computer\/","name":"Jak zresetowa\u0107 klucz LetsExtract, przenie\u015b\u0107 licencj\u0119 na inny komputer - LetsExtract Email Studio","isPartOf":{"@id":"https:\/\/letsextract.com\/pl\/#website"},"datePublished":"2025-01-20T10:44:42+00:00","dateModified":"2025-02-03T12:31:18+00:00","breadcrumb":{"@id":"https:\/\/letsextract.com\/pl\/how-to-reset-the-letsextract-key-move-license-to-another-computer\/#breadcrumb"},"inLanguage":"pl-PL","potentialAction":[{"@type":"ReadAction","target":["https:\/\/letsextract.com\/pl\/how-to-reset-the-letsextract-key-move-license-to-another-computer\/"]}]},{"@type":"BreadcrumbList","@id":"https:\/\/letsextract.com\/pl\/how-to-reset-the-letsextract-key-move-license-to-another-computer\/#breadcrumb","itemListElement":[{"@type":"ListItem","position":1,"name":"Home","item":"https:\/\/letsextract.com\/pl\/"},{"@type":"ListItem","position":2,"name":"Jak zresetowa\u0107 klucz LetsExtract, przenie\u015b\u0107 licencj\u0119 na inny komputer"}]},{"@type":"WebSite","@id":"https:\/\/letsextract.com\/pl\/#website","url":"https:\/\/letsextract.com\/pl\/","name":"LetsExtract Email Studio","description":"#1 email marketing and SMM software","publisher":{"@id":"https:\/\/letsextract.com\/pl\/#organization"},"potentialAction":[{"@type":"SearchAction","target":{"@type":"EntryPoint","urlTemplate":"https:\/\/letsextract.com\/pl\/?s={search_term_string}"},"query-input":{"@type":"PropertyValueSpecification","valueRequired":true,"valueName":"search_term_string"}}],"inLanguage":"pl-PL"},{"@type":"Organization","@id":"https:\/\/letsextract.com\/pl\/#organization","name":"LetsExtract Email Studio","url":"https:\/\/letsextract.com\/pl\/","logo":{"@type":"ImageObject","inLanguage":"pl-PL","@id":"https:\/\/letsextract.com\/pl\/#\/schema\/logo\/image\/","url":"https:\/\/letsextract.com\/wp-content\/uploads\/2025\/01\/logo.webp","contentUrl":"https:\/\/letsextract.com\/wp-content\/uploads\/2025\/01\/logo.webp","width":650,"height":200,"caption":"LetsExtract Email Studio"},"image":{"@id":"https:\/\/letsextract.com\/pl\/#\/schema\/logo\/image\/"},"sameAs":["https:\/\/www.facebook.com\/LetsExtract\/","https:\/\/x.com\/letsextract"]}]}},"_links":{"self":[{"href":"https:\/\/letsextract.com\/pl\/wp-json\/wp\/v2\/pages\/5166","targetHints":{"allow":["GET"]}}],"collection":[{"href":"https:\/\/letsextract.com\/pl\/wp-json\/wp\/v2\/pages"}],"about":[{"href":"https:\/\/letsextract.com\/pl\/wp-json\/wp\/v2\/types\/page"}],"author":[{"embeddable":true,"href":"https:\/\/letsextract.com\/pl\/wp-json\/wp\/v2\/users\/1"}],"replies":[{"embeddable":true,"href":"https:\/\/letsextract.com\/pl\/wp-json\/wp\/v2\/comments?post=5166"}],"version-history":[{"count":0,"href":"https:\/\/letsextract.com\/pl\/wp-json\/wp\/v2\/pages\/5166\/revisions"}],"wp:attachment":[{"href":"https:\/\/letsextract.com\/pl\/wp-json\/wp\/v2\/media?parent=5166"}],"curies":[{"name":"wp","href":"https:\/\/api.w.org\/{rel}","templated":true}]}}