{"id":5181,"date":"2025-01-20T10:50:24","date_gmt":"2025-01-20T10:50:24","guid":{"rendered":"https:\/\/letsextract.com\/upgrading-from-version-6-to-version-7\/"},"modified":"2025-02-03T12:41:56","modified_gmt":"2025-02-03T12:41:56","slug":"upgrading-from-version-6-to-version-7","status":"publish","type":"page","link":"https:\/\/letsextract.com\/pl\/upgrading-from-version-6-to-version-7\/","title":{"rendered":"Aktualizacja z wersji 6 do wersji 7"},"content":{"rendered":"\n<div class=\"wp-block-group has-global-padding is-layout-constrained wp-block-group-is-layout-constrained\">\n<div class=\"wp-block-group alignwide is-layout-flow wp-block-group-is-layout-flow\">\n<p>Aktualizacja z wersji 6 do wersji 7 nie wymaga uiszczenia dodatkowej op\u0142aty. Aktualizacja jest bezp\u0142atna.   <\/p>\n\n\n\n<p><strong>W LetsExtract 7 zrezygnowali\u015bmy z kluczy rejestracyjnych (licencyjnych).  <\/strong><\/p>\n\n\n\n<p>Wszystkie licencje s\u0105 teraz <strong>powi\u0105zane z jednym kontem<\/strong>. Mo\u017cesz zainstalowa\u0107 program na kilku komputerach, korzysta\u0107 z jednego konta i przypisywa\u0107 licencje do komputer\u00f3w w oknie &#8220;Twoje licencje&#8221;. <\/p>\n\n\n\n<p>Je\u015bli nie korzysta\u0142e\u015b wcze\u015bniej z LetsExract 7 &#8211; nie masz konta. Zostanie wy\u015bwietlony komunikat<strong>&#8220;Konto nie istnieje<\/strong>&#8220;. <\/p>\n\n\n\n<p>1. <a href=\"https:\/\/letsextract.com\/pl\/download\/\">Pobierz LetsExtract 7 z naszej strony internetowej<\/a> i zainstaluj go.<br\/>2. Uruchom program.<br\/>3. Utw\u00f3rz nowe konto z dowolnym loginem i has\u0142em.<br\/>4. Otw\u00f3rz okno<strong>&#8220;Twoje licencje<\/strong>&#8220;, dodaj klucz i aktywuj go.<br\/>5. Je\u015bli masz wiele kluczy, dodaj je jako list\u0119.<br\/>6. Uruchom ponownie program.<\/p>\n\n\n\n<h3 class=\"wp-block-heading\">W razie potrzeby mo\u017cna przenie\u015b\u0107 licencj\u0119 na inne konto.<\/h3>\n\n\n\n<p>Przeczytaj to:<\/p>\n\n\n\n<p><a href=\"https:\/\/letsextract.com\/docs\/your_licenses.htm\">https:\/\/letsextract.com\/docs\/your_licenses.htm<\/a><\/p>\n<\/div>\n<\/div>\n","protected":false},"excerpt":{"rendered":"<p>Aktualizacja z wersji 6 do wersji 7 nie wymaga uiszczenia dodatkowej op\u0142aty. Aktualizacja jest bezp\u0142atna. W LetsExtract 7 zrezygnowali\u015bmy z kluczy rejestracyjnych (licencyjnych). Wszystkie licencje s\u0105 teraz powi\u0105zane z jednym kontem. Mo\u017cesz zainstalowa\u0107 program na kilku komputerach, korzysta\u0107 z jednego konta i przypisywa\u0107 licencje do komputer\u00f3w w oknie &#8220;Twoje licencje&#8221;. Je\u015bli nie korzysta\u0142e\u015b wcze\u015bniej z [&hellip;]<\/p>\n","protected":false},"author":1,"featured_media":0,"parent":0,"menu_order":0,"comment_status":"closed","ping_status":"closed","template":"","meta":{"cybocfi_hide_featured_image":"","footnotes":""},"class_list":["post-5181","page","type-page","status-publish","hentry"],"blocksy_meta":[],"yoast_head":"<!-- This site is optimized with the Yoast SEO plugin v26.0 - https:\/\/yoast.com\/wordpress\/plugins\/seo\/ -->\n<title>Aktualizacja z wersji 6 do wersji 7 - LetsExtract Email Studio<\/title>\n<meta name=\"robots\" content=\"index, follow, max-snippet:-1, max-image-preview:large, max-video-preview:-1\" \/>\n<link rel=\"canonical\" href=\"https:\/\/letsextract.com\/pl\/upgrading-from-version-6-to-version-7\/\" \/>\n<meta property=\"og:locale\" content=\"pl_PL\" \/>\n<meta property=\"og:type\" content=\"article\" \/>\n<meta property=\"og:title\" content=\"Aktualizacja z wersji 6 do wersji 7 - LetsExtract Email Studio\" \/>\n<meta property=\"og:description\" content=\"Aktualizacja z wersji 6 do wersji 7 nie wymaga uiszczenia dodatkowej op\u0142aty. Aktualizacja jest bezp\u0142atna. W LetsExtract 7 zrezygnowali\u015bmy z kluczy rejestracyjnych (licencyjnych). Wszystkie licencje s\u0105 teraz powi\u0105zane z jednym kontem. Mo\u017cesz zainstalowa\u0107 program na kilku komputerach, korzysta\u0107 z jednego konta i przypisywa\u0107 licencje do komputer\u00f3w w oknie &#8220;Twoje licencje&#8221;. Je\u015bli nie korzysta\u0142e\u015b wcze\u015bniej z [&hellip;]\" \/>\n<meta property=\"og:url\" content=\"https:\/\/letsextract.com\/pl\/upgrading-from-version-6-to-version-7\/\" \/>\n<meta property=\"og:site_name\" content=\"LetsExtract Email Studio\" \/>\n<meta property=\"article:publisher\" content=\"https:\/\/www.facebook.com\/LetsExtract\/\" \/>\n<meta property=\"article:modified_time\" content=\"2025-02-03T12:41:56+00:00\" \/>\n<meta name=\"twitter:card\" content=\"summary_large_image\" \/>\n<meta name=\"twitter:site\" content=\"@letsextract\" \/>\n<meta name=\"twitter:label1\" content=\"Szacowany czas czytania\" \/>\n\t<meta name=\"twitter:data1\" content=\"1 minuta\" \/>\n<!-- \/ Yoast SEO plugin. -->","yoast_head_json":{"title":"Aktualizacja z wersji 6 do wersji 7 - LetsExtract Email Studio","robots":{"index":"index","follow":"follow","max-snippet":"max-snippet:-1","max-image-preview":"max-image-preview:large","max-video-preview":"max-video-preview:-1"},"canonical":"https:\/\/letsextract.com\/pl\/upgrading-from-version-6-to-version-7\/","og_locale":"pl_PL","og_type":"article","og_title":"Aktualizacja z wersji 6 do wersji 7 - LetsExtract Email Studio","og_description":"Aktualizacja z wersji 6 do wersji 7 nie wymaga uiszczenia dodatkowej op\u0142aty. Aktualizacja jest bezp\u0142atna. W LetsExtract 7 zrezygnowali\u015bmy z kluczy rejestracyjnych (licencyjnych). Wszystkie licencje s\u0105 teraz powi\u0105zane z jednym kontem. Mo\u017cesz zainstalowa\u0107 program na kilku komputerach, korzysta\u0107 z jednego konta i przypisywa\u0107 licencje do komputer\u00f3w w oknie &#8220;Twoje licencje&#8221;. Je\u015bli nie korzysta\u0142e\u015b wcze\u015bniej z [&hellip;]","og_url":"https:\/\/letsextract.com\/pl\/upgrading-from-version-6-to-version-7\/","og_site_name":"LetsExtract Email Studio","article_publisher":"https:\/\/www.facebook.com\/LetsExtract\/","article_modified_time":"2025-02-03T12:41:56+00:00","twitter_card":"summary_large_image","twitter_site":"@letsextract","twitter_misc":{"Szacowany czas czytania":"1 minuta"},"schema":{"@context":"https:\/\/schema.org","@graph":[{"@type":"WebPage","@id":"https:\/\/letsextract.com\/pl\/upgrading-from-version-6-to-version-7\/","url":"https:\/\/letsextract.com\/pl\/upgrading-from-version-6-to-version-7\/","name":"Aktualizacja z wersji 6 do wersji 7 - LetsExtract Email Studio","isPartOf":{"@id":"https:\/\/letsextract.com\/pl\/#website"},"datePublished":"2025-01-20T10:50:24+00:00","dateModified":"2025-02-03T12:41:56+00:00","breadcrumb":{"@id":"https:\/\/letsextract.com\/pl\/upgrading-from-version-6-to-version-7\/#breadcrumb"},"inLanguage":"pl-PL","potentialAction":[{"@type":"ReadAction","target":["https:\/\/letsextract.com\/pl\/upgrading-from-version-6-to-version-7\/"]}]},{"@type":"BreadcrumbList","@id":"https:\/\/letsextract.com\/pl\/upgrading-from-version-6-to-version-7\/#breadcrumb","itemListElement":[{"@type":"ListItem","position":1,"name":"Home","item":"https:\/\/letsextract.com\/pl\/"},{"@type":"ListItem","position":2,"name":"Aktualizacja z wersji 6 do wersji 7"}]},{"@type":"WebSite","@id":"https:\/\/letsextract.com\/pl\/#website","url":"https:\/\/letsextract.com\/pl\/","name":"LetsExtract Email Studio","description":"#1 email marketing and SMM software","publisher":{"@id":"https:\/\/letsextract.com\/pl\/#organization"},"potentialAction":[{"@type":"SearchAction","target":{"@type":"EntryPoint","urlTemplate":"https:\/\/letsextract.com\/pl\/?s={search_term_string}"},"query-input":{"@type":"PropertyValueSpecification","valueRequired":true,"valueName":"search_term_string"}}],"inLanguage":"pl-PL"},{"@type":"Organization","@id":"https:\/\/letsextract.com\/pl\/#organization","name":"LetsExtract Email Studio","url":"https:\/\/letsextract.com\/pl\/","logo":{"@type":"ImageObject","inLanguage":"pl-PL","@id":"https:\/\/letsextract.com\/pl\/#\/schema\/logo\/image\/","url":"https:\/\/letsextract.com\/wp-content\/uploads\/2025\/01\/logo.webp","contentUrl":"https:\/\/letsextract.com\/wp-content\/uploads\/2025\/01\/logo.webp","width":650,"height":200,"caption":"LetsExtract Email Studio"},"image":{"@id":"https:\/\/letsextract.com\/pl\/#\/schema\/logo\/image\/"},"sameAs":["https:\/\/www.facebook.com\/LetsExtract\/","https:\/\/x.com\/letsextract"]}]}},"_links":{"self":[{"href":"https:\/\/letsextract.com\/pl\/wp-json\/wp\/v2\/pages\/5181","targetHints":{"allow":["GET"]}}],"collection":[{"href":"https:\/\/letsextract.com\/pl\/wp-json\/wp\/v2\/pages"}],"about":[{"href":"https:\/\/letsextract.com\/pl\/wp-json\/wp\/v2\/types\/page"}],"author":[{"embeddable":true,"href":"https:\/\/letsextract.com\/pl\/wp-json\/wp\/v2\/users\/1"}],"replies":[{"embeddable":true,"href":"https:\/\/letsextract.com\/pl\/wp-json\/wp\/v2\/comments?post=5181"}],"version-history":[{"count":0,"href":"https:\/\/letsextract.com\/pl\/wp-json\/wp\/v2\/pages\/5181\/revisions"}],"wp:attachment":[{"href":"https:\/\/letsextract.com\/pl\/wp-json\/wp\/v2\/media?parent=5181"}],"curies":[{"name":"wp","href":"https:\/\/api.w.org\/{rel}","templated":true}]}}